{"id":1028,"date":"2019-11-24T16:46:15","date_gmt":"2019-11-24T15:46:15","guid":{"rendered":"http:\/\/philharmonia-tolosa.fr\/?page_id=1028"},"modified":"2019-11-24T16:52:10","modified_gmt":"2019-11-24T15:52:10","slug":"mecenat","status":"publish","type":"page","link":"https:\/\/philharmonia-tolosa.fr\/?page_id=1028","title":{"rendered":"M\u00e9c\u00e9nat"},"content":{"rendered":"\n<p><strong>Soutenez Philharmonia Tolosa !<\/strong><\/p>\n\n\n\n<p>Vous pouvez nous soutenir au travers de versements ou dons en nature (mat\u00e9riels, instruments, partitions&#8230;) et devenir un de nos m\u00e9c\u00e8nes. <\/p>\n\n\n\n<p>Que vous soyez une entreprise ou un particulier, vous b\u00e9n\u00e9ficierez de l&rsquo;avantage fiscal du m\u00e9c\u00e9nat sur tous vos versements.<\/p>\n\n\n\n<p><strong>Contactez notre bureau :<\/strong> <a rel=\"noreferrer noopener\" href=\"https:\/\/philharmonia-tolosa.fr\/?page_id=855\" target=\"_blank\">Philharmonia Tolosa<\/a><\/p>\n","protected":false},"excerpt":{"rendered":"<p>Soutenez Philharmonia Tolosa ! Vous pouvez nous soutenir au travers de versements ou dons en nature (mat\u00e9riels, instruments, partitions&#8230;) et devenir un de nos m\u00e9c\u00e8nes. Que vous soyez une entreprise ou un particulier, vous b\u00e9n\u00e9ficierez de l&rsquo;avantage fiscal du m\u00e9c\u00e9nat sur tous vos versements. Contactez notre bureau : Philharmonia Tolosa<\/p>\n","protected":false},"author":8,"featured_media":0,"parent":0,"menu_order":0,"comment_status":"closed","ping_status":"closed","template":"","meta":{"footnotes":""},"class_list":["post-1028","page","type-page","status-publish"],"_links":{"self":[{"href":"https:\/\/philharmonia-tolosa.fr\/index.php?rest_route=\/wp\/v2\/pages\/1028","targetHints":{"allow":["GET"]}}],"collection":[{"href":"https:\/\/philharmonia-tolosa.fr\/index.php?rest_route=\/wp\/v2\/pages"}],"about":[{"href":"https:\/\/philharmonia-tolosa.fr\/index.php?rest_route=\/wp\/v2\/types\/page"}],"author":[{"embeddable":true,"href":"https:\/\/philharmonia-tolosa.fr\/index.php?rest_route=\/wp\/v2\/users\/8"}],"replies":[{"embeddable":true,"href":"https:\/\/philharmonia-tolosa.fr\/index.php?rest_route=%2Fwp%2Fv2%2Fcomments&post=1028"}],"version-history":[{"count":1,"href":"https:\/\/philharmonia-tolosa.fr\/index.php?rest_route=\/wp\/v2\/pages\/1028\/revisions"}],"predecessor-version":[{"id":1031,"href":"https:\/\/philharmonia-tolosa.fr\/index.php?rest_route=\/wp\/v2\/pages\/1028\/revisions\/1031"}],"wp:attachment":[{"href":"https:\/\/philharmonia-tolosa.fr\/index.php?rest_route=%2Fwp%2Fv2%2Fmedia&parent=1028"}],"curies":[{"name":"wp","href":"https:\/\/api.w.org\/{rel}","templated":true}]}}