{"id":16,"date":"2017-06-22T10:56:52","date_gmt":"2017-06-22T08:56:52","guid":{"rendered":"http:\/\/philharmonia-tolosa.fr\/?page_id=16"},"modified":"2023-06-26T15:15:06","modified_gmt":"2023-06-26T13:15:06","slug":"accueil","status":"publish","type":"page","link":"https:\/\/philharmonia-tolosa.fr\/","title":{"rendered":"Accueil"},"content":{"rendered":"<p><strong><img loading=\"lazy\" decoding=\"async\" class=\"wp-image-787  alignnone\" title=\"Philharmonia Tolosa\" src=\"https:\/\/philharmonia-tolosa.fr\/wp-content\/uploads\/2019\/05\/Logo-Philharmonia-Tolosa-CMJN-300x233.png\" alt=\"\" width=\"176\" height=\"137\" srcset=\"https:\/\/philharmonia-tolosa.fr\/wp-content\/uploads\/2019\/05\/Logo-Philharmonia-Tolosa-CMJN-300x233.png 300w, https:\/\/philharmonia-tolosa.fr\/wp-content\/uploads\/2019\/05\/Logo-Philharmonia-Tolosa-CMJN-768x597.png 768w, https:\/\/philharmonia-tolosa.fr\/wp-content\/uploads\/2019\/05\/Logo-Philharmonia-Tolosa-CMJN-1024x796.png 1024w, https:\/\/philharmonia-tolosa.fr\/wp-content\/uploads\/2019\/05\/Logo-Philharmonia-Tolosa-CMJN.png 1772w\" sizes=\"auto, (max-width: 176px) 100vw, 176px\" \/><\/strong><\/p>\n<p>est un orchestre symphonique compos\u00e9 de musiciens amateurs exp\u00e9riment\u00e9s. Il puise son r\u00e9pertoire dans des grandes \u0153uvres de la musique classique orchestrale et chorale.<\/p>\n<p>Philharmonia Tolosa se produit conjointement avec le <a href=\"https:\/\/www.choeur-symphonique-de-toulouse.com\/\" target=\"_blank\" rel=\"noopener noreferrer\">Ch\u0153ur Symphonique de \u00a0Toulouse<\/a> et \u00e9galement avec des musiciens solistes.<\/p>\n<p>Dirig\u00e9s pendant des d\u00e9cennies par Louis Massot, l&rsquo;orchestre et la chorale sont d\u00e9sormais sous la baguette d\u2019un de ses anciens \u00e9l\u00e8ves, David Godfroid, t\u00e9nor dans les ch\u0153urs du th\u00e9\u00e2tre du Capitole de Toulouse.<\/p>\n<p>L\u2019orchestre r\u00e9p\u00e8te ind\u00e9pendamment de la chorale mais les deux formations, toujours fid\u00e8les l\u2019une \u00e0 l\u2019autre, ont le plaisir de se retrouver pour des r\u00e9p\u00e9titions et des concerts communs, une dizaine de fois par an \u00e0 Toulouse et dans sa r\u00e9gion.<\/p>\n<p>Nous recherchons des musiciens amateurs ayant une pratique continue de l&rsquo;instrument afin de compl\u00e9ter notre orchestre.<\/p>\n\n\n<figure class=\"wp-block-embed is-type-video is-provider-youtube wp-block-embed-youtube wp-embed-aspect-16-9 wp-has-aspect-ratio\"><div class=\"wp-block-embed__wrapper\">\n<iframe loading=\"lazy\" title=\"Plus qu&#039;un ensemble c&#039;est...\" width=\"1200\" height=\"675\" src=\"https:\/\/www.youtube.com\/embed\/Wksa6gboANY?feature=oembed\" frameborder=\"0\" allow=\"accelerometer; autoplay; clipboard-write; encrypted-media; gyroscope; picture-in-picture; web-share\" allowfullscreen><\/iframe>\n<\/div><\/figure>\n","protected":false},"excerpt":{"rendered":"<p>est un orchestre symphonique compos\u00e9 de musiciens amateurs exp\u00e9riment\u00e9s. Il puise son r\u00e9pertoire dans des grandes \u0153uvres de la musique classique orchestrale et chorale. Philharmonia Tolosa se produit conjointement avec le Ch\u0153ur Symphonique de \u00a0Toulouse et \u00e9galement avec des musiciens solistes. Dirig\u00e9s pendant des d\u00e9cennies par Louis Massot, l&rsquo;orchestre et la chorale sont d\u00e9sormais sous &#8230; <a title=\"Accueil\" class=\"read-more\" href=\"https:\/\/philharmonia-tolosa.fr\/\" aria-label=\"En savoir plus sur Accueil\">Lire la suite<\/a><\/p>\n","protected":false},"author":1,"featured_media":0,"parent":0,"menu_order":0,"comment_status":"closed","ping_status":"closed","template":"","meta":{"footnotes":""},"class_list":["post-16","page","type-page","status-publish"],"_links":{"self":[{"href":"https:\/\/philharmonia-tolosa.fr\/index.php?rest_route=\/wp\/v2\/pages\/16","targetHints":{"allow":["GET"]}}],"collection":[{"href":"https:\/\/philharmonia-tolosa.fr\/index.php?rest_route=\/wp\/v2\/pages"}],"about":[{"href":"https:\/\/philharmonia-tolosa.fr\/index.php?rest_route=\/wp\/v2\/types\/page"}],"author":[{"embeddable":true,"href":"https:\/\/philharmonia-tolosa.fr\/index.php?rest_route=\/wp\/v2\/users\/1"}],"replies":[{"embeddable":true,"href":"https:\/\/philharmonia-tolosa.fr\/index.php?rest_route=%2Fwp%2Fv2%2Fcomments&post=16"}],"version-history":[{"count":19,"href":"https:\/\/philharmonia-tolosa.fr\/index.php?rest_route=\/wp\/v2\/pages\/16\/revisions"}],"predecessor-version":[{"id":1705,"href":"https:\/\/philharmonia-tolosa.fr\/index.php?rest_route=\/wp\/v2\/pages\/16\/revisions\/1705"}],"wp:attachment":[{"href":"https:\/\/philharmonia-tolosa.fr\/index.php?rest_route=%2Fwp%2Fv2%2Fmedia&parent=16"}],"curies":[{"name":"wp","href":"https:\/\/api.w.org\/{rel}","templated":true}]}}