{"id":18,"date":"2017-06-22T10:56:52","date_gmt":"2017-06-22T08:56:52","guid":{"rendered":"http:\/\/philharmonia-tolosa.fr\/?page_id=18"},"modified":"2021-10-03T19:08:29","modified_gmt":"2021-10-03T17:08:29","slug":"contact","status":"publish","type":"page","link":"https:\/\/philharmonia-tolosa.fr\/?page_id=18","title":{"rendered":"Nous rejoindre"},"content":{"rendered":"<p>Vous \u00eates musicien avec une pratique r\u00e9guli\u00e8re et souhaitez nous rejoindre ?<\/p>\n<p>Tous les musiciens sont bienvenus, mais nous recherchons tout particuli\u00e8rement des altos, des contrebasses, des cors ou des trombones.<\/p>\n<p>Les r\u00e9p\u00e9titions ont lieu tous les lundis de 20h \u00e0 22h30, dans la salle d&rsquo;examen de l&rsquo;IUT Paul Sabatier (voir carte)<\/p>\n<p><iframe loading=\"lazy\" style=\"border: 0;\" src=\"https:\/\/www.google.com\/maps\/embed?pb=!1m18!1m12!1m3!1d1022.0215994494442!2d1.4641830104294562!3d43.57085026162891!2m3!1f0!2f0!3f0!3m2!1i1024!2i768!4f13.1!3m3!1m2!1s0x0%3A0x2089ec1ac8502ffc!2sIUT+G%C3%A9nie+Civil!5e0!3m2!1sfr!2sfr!4v1498465306904\" width=\"600\" height=\"450\" frameborder=\"0\" allowfullscreen=\"allowfullscreen\"><\/iframe><\/p>\n","protected":false},"excerpt":{"rendered":"<p>Vous \u00eates musicien avec une pratique r\u00e9guli\u00e8re et souhaitez nous rejoindre ? Tous les musiciens sont bienvenus, mais nous recherchons tout particuli\u00e8rement des altos, des contrebasses, des cors ou des trombones. Les r\u00e9p\u00e9titions ont lieu tous les lundis de 20h \u00e0 22h30, dans la salle d&rsquo;examen de l&rsquo;IUT Paul Sabatier (voir carte)<\/p>\n","protected":false},"author":1,"featured_media":0,"parent":0,"menu_order":1,"comment_status":"closed","ping_status":"closed","template":"","meta":{"footnotes":""},"class_list":["post-18","page","type-page","status-publish"],"_links":{"self":[{"href":"https:\/\/philharmonia-tolosa.fr\/index.php?rest_route=\/wp\/v2\/pages\/18","targetHints":{"allow":["GET"]}}],"collection":[{"href":"https:\/\/philharmonia-tolosa.fr\/index.php?rest_route=\/wp\/v2\/pages"}],"about":[{"href":"https:\/\/philharmonia-tolosa.fr\/index.php?rest_route=\/wp\/v2\/types\/page"}],"author":[{"embeddable":true,"href":"https:\/\/philharmonia-tolosa.fr\/index.php?rest_route=\/wp\/v2\/users\/1"}],"replies":[{"embeddable":true,"href":"https:\/\/philharmonia-tolosa.fr\/index.php?rest_route=%2Fwp%2Fv2%2Fcomments&post=18"}],"version-history":[{"count":11,"href":"https:\/\/philharmonia-tolosa.fr\/index.php?rest_route=\/wp\/v2\/pages\/18\/revisions"}],"predecessor-version":[{"id":1213,"href":"https:\/\/philharmonia-tolosa.fr\/index.php?rest_route=\/wp\/v2\/pages\/18\/revisions\/1213"}],"wp:attachment":[{"href":"https:\/\/philharmonia-tolosa.fr\/index.php?rest_route=%2Fwp%2Fv2%2Fmedia&parent=18"}],"curies":[{"name":"wp","href":"https:\/\/api.w.org\/{rel}","templated":true}]}}